{"id":1304,"date":"2012-01-01T00:01:59","date_gmt":"2012-01-01T07:01:59","guid":{"rendered":"http:\/\/www.schnizer.com\/SOTAblog\/?page_id=1304"},"modified":"2016-04-09T13:06:35","modified_gmt":"2016-04-09T19:06:35","slug":"welcome","status":"publish","type":"page","link":"https:\/\/www.schnizer.com\/SOTAblog\/","title":{"rendered":"Hello and Welcome"},"content":{"rendered":"<div id=\"attachment_1308\" style=\"width: 160px\" class=\"wp-caption alignleft\"><a href=\"http:\/\/www.schnizer.com\/SOTAblog\/wp-content\/uploads\/2012\/01\/20111018-IMG_3438.jpg\"><img loading=\"lazy\" decoding=\"async\" aria-describedby=\"caption-attachment-1308\" class=\"wp-image-1308 size-thumbnail\" style=\"border: 2px solid black;\" src=\"http:\/\/www.schnizer.com\/SOTAblog\/wp-content\/uploads\/2012\/01\/20111018-IMG_3438-150x150.jpg\" alt=\"K\u00d8MOS on S\u00fcnser Spitze (OE\/VB-34\u00d8)\" width=\"150\" height=\"150\" \/><\/a><p id=\"caption-attachment-1308\" class=\"wp-caption-text\">K\u00d8MOS on S\u00fcnser Spitze (OE\/VB-34\u00d8)<\/p><\/div>\n<p style=\"text-align: justify;\">This is Matt\/K\u00d8MOS, writing about <a title=\"Official SOTA Website\" href=\"http:\/\/www.sota.org.uk\/\" target=\"_blank\">Summits On the Air <\/a>(SOTA). SOTA is an international rewards program for Radio Amateurs (hams). We SOTA Activators hike and climb mountain-tops with our radio gear, and from there connect with fellow radio amateurs (SOTA Chasers) around the world.<\/p>\n<p style=\"text-align: justify;\">SOTA is a world-wide program with 110+ participating associations in different countries. To date, nearly 78&#8217;000 summits have been cataloged worldwide (as of 2016).<\/p>\n<p style=\"text-align: justify;\">I am living in Colorado (<a title=\"W0 SOTA Website\" href=\"http:\/\/w0c-sota.org\/\" target=\"_blank\">W\u00d8C<\/a>) which boasts close to\u00a02&#8217;000 summits in the SOTA catalog. The purpose of this site is to provide useful information for other SOTA Activators by writing about my trips (activations) and providing some pictures and videos.<\/p>\n<p style=\"text-align: justify;\">You can search for a specific summit (via <em>Search<\/em> function on the right), browse the reports by activation date (in the <em>Archives<\/em> on the right) or by activated regions (<em>Categories<\/em>: so far W\u00d8C, W\u00d8N, W6, W7U, W7Y, OE, HB, HB\u00d8 and DM).<\/p>\n<p>Thanks for stopping by<\/p>\n<div class=\"customImage\"><img loading=\"lazy\" decoding=\"async\" src=\"http:\/\/www.schnizer.com\/SOTAblog\/wp-content\/uploads\/2012\/01\/Signature-3.png\" alt=\"\" width=\"191\" height=\"60\" \/><\/div>\n<p>&nbsp;<\/p>\n<HR>\n<p style=\"font-size:10px\">\n<img loading=\"lazy\" decoding=\"async\" src=\"https:\/\/upload.wikimedia.org\/wikipedia\/commons\/thumb\/d\/dd\/Achtung.svg\/877px-Achtung.svg.png\" alt=\"ATTENTION\" style=\"float:left\" height=\"41\" width=\"41\"> \n\n!! WARNING !! There are <b>old<\/b> mountaineers, and \n<b>bold<\/b> mountaineers... there are no old-bold mountaineers. \nHiking and mountain climbing are potentially hazardous activities particularly in Colorado with its extreme elevations. I am not accepting responsibility for any death or injury resulting from activations based on my trip reports. Proper training, experience, and personal capability assessment is required - enjoy!\n<\/p>\n\n\n","protected":false},"excerpt":{"rendered":"<p>This is Matt\/K\u00d8MOS, writing about Summits On the Air (SOTA). SOTA is an international rewards program for Radio Amateurs (hams). We SOTA Activators hike and climb mountain-tops with our radio gear, and from there connect with fellow radio amateurs (SOTA &hellip; <a class=\"more-link\" href=\"https:\/\/www.schnizer.com\/SOTAblog\/\">Continue reading <span class=\"meta-nav\">&rarr;<\/span><\/a><\/p>\n","protected":false},"author":2,"featured_media":0,"parent":0,"menu_order":0,"comment_status":"closed","ping_status":"closed","template":"","meta":{"footnotes":""},"class_list":["post-1304","page","type-page","status-publish","hentry"],"_links":{"self":[{"href":"https:\/\/www.schnizer.com\/SOTAblog\/wp-json\/wp\/v2\/pages\/1304","targetHints":{"allow":["GET"]}}],"collection":[{"href":"https:\/\/www.schnizer.com\/SOTAblog\/wp-json\/wp\/v2\/pages"}],"about":[{"href":"https:\/\/www.schnizer.com\/SOTAblog\/wp-json\/wp\/v2\/types\/page"}],"author":[{"embeddable":true,"href":"https:\/\/www.schnizer.com\/SOTAblog\/wp-json\/wp\/v2\/users\/2"}],"replies":[{"embeddable":true,"href":"https:\/\/www.schnizer.com\/SOTAblog\/wp-json\/wp\/v2\/comments?post=1304"}],"version-history":[{"count":50,"href":"https:\/\/www.schnizer.com\/SOTAblog\/wp-json\/wp\/v2\/pages\/1304\/revisions"}],"predecessor-version":[{"id":5688,"href":"https:\/\/www.schnizer.com\/SOTAblog\/wp-json\/wp\/v2\/pages\/1304\/revisions\/5688"}],"wp:attachment":[{"href":"https:\/\/www.schnizer.com\/SOTAblog\/wp-json\/wp\/v2\/media?parent=1304"}],"curies":[{"name":"wp","href":"https:\/\/api.w.org\/{rel}","templated":true}]}}